{"id":11580,"date":"2022-12-01T13:33:43","date_gmt":"2022-12-01T12:33:43","guid":{"rendered":"https:\/\/superknjiga.shop\/comparison\/"},"modified":"2024-12-16T21:18:29","modified_gmt":"2024-12-16T20:18:29","slug":"comparison","status":"publish","type":"page","link":"https:\/\/superknjiga.shop\/en\/comparison\/","title":{"rendered":"Comparison"},"content":{"rendered":"\t\t<div data-elementor-type=\"wp-page\" data-elementor-id=\"11580\" class=\"elementor elementor-11580 elementor-2035\" data-elementor-post-type=\"page\">\n\t\t\t\t\t\t<section class=\"wd-negative-gap elementor-section elementor-top-section elementor-element elementor-element-3888c4a elementor-section-boxed elementor-section-height-default elementor-section-height-default\" data-id=\"3888c4a\" data-element_type=\"section\" data-e-type=\"section\">\n\t\t\t\t\t\t<div class=\"elementor-container elementor-column-gap-default\">\n\t\t\t\t\t<div class=\"elementor-column elementor-col-100 elementor-top-column elementor-element elementor-element-a3b54d3\" data-id=\"a3b54d3\" data-element_type=\"column\" data-e-type=\"column\">\n\t\t\t<div class=\"elementor-widget-wrap elementor-element-populated\">\n\t\t\t\t\t\t<div class=\"elementor-element elementor-element-4183600 elementor-widget elementor-widget-wd_compare\" data-id=\"4183600\" data-element_type=\"widget\" data-e-type=\"widget\" data-widget_type=\"wd_compare.default\">\n\t\t\t\t<div class=\"elementor-widget-container\">\n\t\t\t\t\t\t\t<p class=\"wd-empty-compare wd-empty-page\">\n\t\t\tCompare list is empty.\t\t<\/p>\n\t\t\t\t\t<div class=\"wd-empty-page-text\">\n\t\t\t\tNema proizvoda dodanih na popis za usporedbu. Morate dodati neke proizvode kako biste ih mogli uspore\u0111ivati. <br>  U na\u0161oj web trgovini  \u0107ete prona\u0107i mnogo zanimljivih proizvoda.\t\t\t<\/div>\n\t\t\t\t<p class=\"return-to-shop\">\n\t\t\t<a class=\"button\" href=\"https:\/\/superknjiga.shop\/en\/shop\/\">\n\t\t\t\tReturn to shop\t\t\t<\/a>\n\t\t<\/p>\n\t\t\t\t\t\t<\/div>\n\t\t\t\t<\/div>\n\t\t\t\t\t<\/div>\n\t\t<\/div>\n\t\t\t\t\t<\/div>\n\t\t<\/section>\n\t\t\t\t<\/div>\n\t\t","protected":false},"excerpt":{"rendered":"<p>Remove AOC Q24P2Q &pound;280.00 Add to cart Remove AOC AGON AG493UCX Rated 5.00 out of 5 based on 1 customer<\/p>\n","protected":false},"author":1,"featured_media":0,"parent":0,"menu_order":0,"comment_status":"closed","ping_status":"closed","template":"","meta":{"iawp_total_views":0,"footnotes":""},"class_list":["post-11580","page","type-page","status-publish","hentry"],"_links":{"self":[{"href":"https:\/\/superknjiga.shop\/en\/wp-json\/wp\/v2\/pages\/11580","targetHints":{"allow":["GET"]}}],"collection":[{"href":"https:\/\/superknjiga.shop\/en\/wp-json\/wp\/v2\/pages"}],"about":[{"href":"https:\/\/superknjiga.shop\/en\/wp-json\/wp\/v2\/types\/page"}],"author":[{"embeddable":true,"href":"https:\/\/superknjiga.shop\/en\/wp-json\/wp\/v2\/users\/1"}],"replies":[{"embeddable":true,"href":"https:\/\/superknjiga.shop\/en\/wp-json\/wp\/v2\/comments?post=11580"}],"version-history":[{"count":1,"href":"https:\/\/superknjiga.shop\/en\/wp-json\/wp\/v2\/pages\/11580\/revisions"}],"predecessor-version":[{"id":11582,"href":"https:\/\/superknjiga.shop\/en\/wp-json\/wp\/v2\/pages\/11580\/revisions\/11582"}],"wp:attachment":[{"href":"https:\/\/superknjiga.shop\/en\/wp-json\/wp\/v2\/media?parent=11580"}],"curies":[{"name":"wp","href":"https:\/\/api.w.org\/{rel}","templated":true}]}}